{"id":10,"date":"2013-11-19T13:43:27","date_gmt":"2013-11-19T13:43:27","guid":{"rendered":"http:\/\/www.unitedcivilians.org\/tr\/?page_id=10"},"modified":"2013-11-19T13:49:39","modified_gmt":"2013-11-19T13:49:39","slug":"manifesto","status":"publish","type":"page","link":"http:\/\/www.unitedcivilians.org\/tr\/manifesto","title":{"rendered":"Manifesto"},"content":{"rendered":"<p>ARTIK YETER!<\/p>\n<p>Bu BM ve AB \u2019nin izledi\u011fi ka\u00e7\u0131nc\u0131 insanl\u0131k su\u00e7u?<\/p>\n<p>Ba\u015fparma\u011f\u0131m\u0131z\u0131 avucumuzun i\u00e7ine alarak, d\u00f6rt parma\u011f\u0131m\u0131z\u0131 g\u00f6\u011fe do\u011frultup d\u00fcnyaya meydan okudu\u011fumuz Rabia i\u015faretinin anlam\u0131 sadece Arap\u00e7adaki \u201cd\u00f6rd\u00fcnc\u00fc\u201d kelimesiyle e\u015f anlaml\u0131 de\u011fildir. Rabia ayn\u0131 zamanda d\u00f6rt ilah\u00ee kitap demektir! \u201cAdil olacaks\u0131n, adaletin yay\u0131lmas\u0131 i\u00e7in \u00e7al\u0131\u015facaks\u0131n. \u00d6ld\u00fcrmeyeceksin, \u00f6ld\u00fcr\u00fclmesine de asla izin vermeyeceksin\u201d evrensel mesajlar\u0131n\u0131n eyleme d\u00f6n\u00fc\u015fmesi i\u00e7in indirilen d\u00f6rt kutsal kitap\u2026<\/p>\n<p>Y\u0131llard\u0131r mazlumlar \u00f6ld\u00fcr\u00fcl\u00fcyor, d\u00fcnyan\u0131n geri kalan\u0131 susuyor.<\/p>\n<p>Filistin, Bosna, Irak, Afganistan, Arakan, Libya, Mali, Suriye, M\u0131s\u0131r ve daha nicesi\u2026 Birle\u015fmi\u015f Milletler ve Avrupa Birli\u011fi daha ka\u00e7 zalimin zulm\u00fcne sessiz kalacak?<\/p>\n<p>Birle\u015fmi\u015f Milletler olarak g\u00f6nderdi\u011finiz heyet \u015eam\u2019da iken Be\u015f\u015far Esed kimyasal silahla yakla\u015f\u0131k 1300 insan\u0131 \u00f6ld\u00fcrd\u00fc. \u00c7\u00fcnk\u00fc M\u0131s\u0131r\u2019da, d\u00fcnyan\u0131n g\u00f6zleri \u00f6n\u00fcnde ordu, milletin iradesine ra\u011fmen se\u00e7ilmi\u015f ilk Cumhurba\u015fkan\u0131\u2019n\u0131n yetkilerini elinden al\u0131p, hapsederken, darbeye bile darbe diyemeyen sizler, Esed\u2019e bug\u00fcn yap\u0131lan vah\u015fetin cesaretini verdiniz. Daha \u00f6nce sustunuz, yine susuyorsunuz ve hep susaca\u011f\u0131n\u0131z\u0131 bildikleri i\u00e7in g\u00f6z g\u00f6re g\u00f6re katliam yapmaktan \u00e7ekinmiyorlar. \u00c7\u00fcnk\u00fc darbeye darbe diyemeyenler, katliama da katliam diyemiyor, demiyor!<br \/>\nAncak sadece, varsa, birazc\u0131k kald\u0131ysa insanl\u0131\u011f\u0131n\u0131z\u0131n, vicdan\u0131n\u0131z\u0131n sesini dinleyin! Bir tepki g\u00f6sterin, k\u0131nama i\u00e7eren bir a\u00e7\u0131klama yap\u0131n.<\/p>\n<p>T\u00fcm d\u00fcnya kar\u015f\u0131lar\u0131nda olsa, cesaret edebilir miydi zalimler vah\u015fete?<br \/>\nPeki, insanl\u0131\u011f\u0131n\u0131za d\u00f6nebilmeniz i\u00e7in daha ka\u00e7 y\u00fcz bin insan\u0131n \u00f6lmesi gerekiyor?<\/p>\n<p>Yoksa bu vah\u015fetler M\u00fcsl\u00fcmanlara yap\u0131ld\u0131\u011f\u0131 i\u00e7in mi bu kadar umursamazs\u0131n\u0131z?<\/p>\n<p>Bunlar Bat\u0131l\u0131 insanlara yap\u0131lsayd\u0131 da ayn\u0131 umursamazl\u0131k \u00f6rne\u011fini g\u00f6sterecek miydiniz?<br \/>\nBizim inanc\u0131m\u0131zda bir insan\u0131n \u00f6l\u00fcm\u00fc, insanl\u0131\u011f\u0131n \u00f6l\u00fcm\u00fc demektir. Bak\u0131n, bir M\u00fcsl\u00fcman demiyoruz! Bir H\u0131ristiyan, Yahudi, Budist vs. de demiyoruz. Rengi, dini, dili ne olursa olsun, e\u011fer d\u00fcnyan\u0131n herhangi bir yerinde bir insan \u00f6ld\u00fcr\u00fclm\u00fc\u015fse, insanl\u0131k da \u00f6lm\u00fc\u015ft\u00fcr. Fazla geriye gitmemize gerek yok! Son bir y\u0131lda Arakan\u2019da, Filistin\u2019de, Suriye\u2019de, son iki ayda ise M\u0131s\u0131r\u2019da insanl\u0131k y\u00fcz binlerce kez \u00f6lm\u00fc\u015ft\u00fcr!<\/p>\n<p>Peki her f\u0131rsatta and\u0131\u011f\u0131n\u0131z insan haklar\u0131 nerede? Onlar Suriye\u2019deki veya M\u0131s\u0131r\u2019daki insanlar i\u00e7in ge\u00e7erli de\u011fil mi? Ya da \u015f\u00f6yle soral\u0131m: s\u00f6z konusu M\u00fcsl\u00fcmanlar oldu\u011funda, insan haklar\u0131 ge\u00e7erlili\u011fini mi yitiriyor?<\/p>\n<p>Hani \u015fu BM olarak Haziran 1948\u2019de yay\u0131nlad\u0131\u011f\u0131n\u0131z \u201c\u0130nsan Haklar\u0131 Evrensel Beyannamesi\u201d var ya, i\u015fte onun \u00fc\u00e7\u00fcnc\u00fc maddesinde \u015f\u00f6yle s\u00f6ylenmi\u015f:<\/p>\n<p>\u201dYa\u015famak, h\u00fcrriyet ve ki\u015fi emniyeti her ferdin hakk\u0131d\u0131r.\u201d<br \/>\nHani M\u0131s\u0131rl\u0131lar\u0131n, Suriyelilerin ya\u015fama hakk\u0131? Onlar\u0131n h\u00fcrriyet ve ki\u015fi emniyeti nerede?<\/p>\n<p>Ayn\u0131 beyannamenin dokuzuncu maddesi ne diyor peki:<br \/>\n\u201cHi\u00e7 kimse keyfi olarak tutuklanamaz, al\u0131konulamaz veya s\u00fcr\u00fclemez.\u201d<\/p>\n<p>M\u0131s\u0131r\u2019\u0131n se\u00e7ilmi\u015f ve me\u015fru Cumhurba\u015fkan\u0131 Muhammed Mursi\u2019nin al\u0131konulmas\u0131na neden sessiz kald\u0131n\u0131z?<\/p>\n<p>Bizim i\u00e7in art\u0131k Birle\u015fmi\u015f Milletler ve Avrupa Birli\u011fi, hi\u00e7 bir fonksiyonu olmayan bir olu\u015fumdan ibarettir. BM ve AB zul\u00fcmlere engel olmak, d\u00fcnya \u00fczerindeki milyarlarca insan\u0131n ya\u015fam, h\u00fcrriyet ve ki\u015fi emniyetini sa\u011flamak bir kenara, bu haklara edilen tecav\u00fczlere dahi sesini \u00e7\u0131karamayan kurulu\u015flar.<\/p>\n<p>Bundan b\u00f6yle, \u015fimdiye kadar vah\u015fetlere sessiz kalan hi\u00e7 bir Birle\u015fmi\u015f Milletler ve Avrupa Birli\u011fi \u00fcyesi \u00fclke, insan haklar\u0131ndan, demokrasiden ve e\u015fitlikten bahsetmesin! \u00c7\u00fcnk\u00fc biz art\u0131k gayet iyi kavrad\u0131k ki, bu haklar sadece bat\u0131l\u0131lar i\u00e7in ge\u00e7erli. D\u00fcnyan\u0131n geri kalan\u0131na, \u00f6zellikle de M\u00fcsl\u00fcmanlara kar\u015f\u0131 insanl\u0131k su\u00e7u i\u015flenmi\u015f, ne gam\u2026<\/p>\n<p>\u0130\u015fte bu y\u00fczden, M\u0131s\u0131r\u2019daki darbeyi, Suriye\u2019deki vah\u015feti ve daha nice co\u011frafyada i\u015flenen insanl\u0131k su\u00e7lar\u0131n\u0131 k\u0131nayamayan Birle\u015fmi\u015f Milletler ve Avrupa Birli\u011fi\u2019ni KINIYORUZ!<br \/>\nBiz g\u00fcc\u00fcn ve g\u00fc\u00e7l\u00fcn\u00fcn egemen oldu\u011fu mevcut d\u00fcnya d\u00fczenini reddediyor, insanl\u0131\u011f\u0131n ve adaletin h\u00e2kim oldu\u011fu bir d\u00fczen in\u015fa ediyoruz.<\/p>\n<p>Ey kendini d\u00fcnyan\u0131n en g\u00fc\u00e7l\u00fc \u015fahsiyetleri kabul eden insanlar; siz, s\u00f6zde g\u00fcc\u00fcn\u00fcz\u00fcn, h\u0131rslar\u0131n\u0131z\u0131n, petrol\u00fcn, yeralt\u0131 ve yer\u00fcst\u00fc zenginliklerin, paran\u0131n, toprak par\u00e7alar\u0131n\u0131n, kulu ve esirisiniz. Ancak zalimce ve vah\u015f\u00eece \u00f6ld\u00fcr\u00fclen o insanlar hi\u00e7 olmad\u0131klar\u0131 ve olamayacaklar\u0131 kadar \u00f6zg\u00fcrler!<\/p>\n","protected":false},"excerpt":{"rendered":"<p>ARTIK YETER! Bu BM ve AB \u2019nin izledi\u011fi ka\u00e7\u0131nc\u0131 insanl\u0131k su\u00e7u? Ba\u015fparma\u011f\u0131m\u0131z\u0131 avucumuzun i\u00e7ine alarak, d\u00f6rt parma\u011f\u0131m\u0131z\u0131 g\u00f6\u011fe do\u011frultup d\u00fcnyaya meydan okudu\u011fumuz Rabia i\u015faretinin anlam\u0131 sadece Arap\u00e7adaki \u201cd\u00f6rd\u00fcnc\u00fc\u201d kelimesiyle e\u015f&#8230;<\/p>\n","protected":false},"author":1,"featured_media":0,"parent":0,"menu_order":0,"comment_status":"closed","ping_status":"open","template":"templates\/template-fullwidth.php","meta":{"footnotes":""},"class_list":["post-10","page","type-page","status-publish","hentry"],"aioseo_notices":[],"_links":{"self":[{"href":"http:\/\/www.unitedcivilians.org\/tr\/wp-json\/wp\/v2\/pages\/10","targetHints":{"allow":["GET"]}}],"collection":[{"href":"http:\/\/www.unitedcivilians.org\/tr\/wp-json\/wp\/v2\/pages"}],"about":[{"href":"http:\/\/www.unitedcivilians.org\/tr\/wp-json\/wp\/v2\/types\/page"}],"author":[{"embeddable":true,"href":"http:\/\/www.unitedcivilians.org\/tr\/wp-json\/wp\/v2\/users\/1"}],"replies":[{"embeddable":true,"href":"http:\/\/www.unitedcivilians.org\/tr\/wp-json\/wp\/v2\/comments?post=10"}],"version-history":[{"count":1,"href":"http:\/\/www.unitedcivilians.org\/tr\/wp-json\/wp\/v2\/pages\/10\/revisions"}],"predecessor-version":[{"id":11,"href":"http:\/\/www.unitedcivilians.org\/tr\/wp-json\/wp\/v2\/pages\/10\/revisions\/11"}],"wp:attachment":[{"href":"http:\/\/www.unitedcivilians.org\/tr\/wp-json\/wp\/v2\/media?parent=10"}],"curies":[{"name":"wp","href":"https:\/\/api.w.org\/{rel}","templated":true}]}}