{"id":12,"date":"2013-11-19T13:44:09","date_gmt":"2013-11-19T13:44:09","guid":{"rendered":"http:\/\/www.unitedcivilians.org\/tr\/?page_id=12"},"modified":"2013-11-19T13:49:05","modified_gmt":"2013-11-19T13:49:05","slug":"insanliga-davet","status":"publish","type":"page","link":"http:\/\/www.unitedcivilians.org\/tr\/insanliga-davet","title":{"rendered":"\u0130nsanl\u0131\u011fa Davet"},"content":{"rendered":"<p>Ellerine masum kan\u0131 bula\u015fm\u0131\u015f zalimlerin art\u0131k d\u00fcnya taraf\u0131ndan hesaba \u00e7ekilmesinin vakti gelmedi mi? Yapt\u0131klar\u0131 bu vah\u015fet kar\u015f\u0131l\u0131ks\u0131z ve cezas\u0131z m\u0131 kalacak?<\/p>\n<p>D\u00fc\u015f\u00fcnelim ki, 17 ya\u015f\u0131nda, gen\u00e7li\u011finin bahar\u0131nda, tertemiz y\u00fczl\u00fc Esma bizim k\u0131z karde\u015fimiz\u2026 Gasp edilmi\u015f haklar\u0131 i\u00e7in \u00e7\u0131kt\u0131\u011f\u0131 meydanda \u00f6\u011fle vakti keskin bir ni\u015fanc\u0131 taraf\u0131ndan vuruldu. Karde\u015fimizin bundan sonraki mutluluklar\u0131n\u0131, heyecanlar\u0131n\u0131 g\u00f6rmeyece\u011fiz. Onun bir gelecek kurmas\u0131na \u015fahit olamayaca\u011f\u0131z. Ba\u015far\u0131lar\u0131n\u0131 takdir edemeyecek, \u00fcz\u00fcnt\u00fclerini payla\u015farak azaltamayaca\u011f\u0131z. \u00c7\u00fcnk\u00fc o, bir zalim k\u00f6r kur\u015funun hedefi oldu\u2026<\/p>\n<p>Be\u015f\u015far Esed\u2019in kimyasal silah\u0131n\u0131n hedefinin bizim bakmaya doyamad\u0131\u011f\u0131m\u0131z, dokunmaya k\u0131yamad\u0131\u011f\u0131m\u0131z ve her t\u00fcrl\u00fc k\u00f6t\u00fcl\u00fckten esirgemeye \u00e7al\u0131\u015ft\u0131\u011f\u0131m\u0131z minik yavrumuz oldu\u011funu d\u00fc\u015f\u00fcnelim. Ve biz bir g\u00fcn, o zalimin g\u00f6z\u00fcn\u00fc b\u00fcr\u00fcm\u00fc\u015f h\u0131rs\u0131n\u0131n kurban\u0131 olan yavrumuzun yere y\u0131\u011f\u0131l\u0131p nefes almaya \u00e7al\u0131\u015ft\u0131\u011f\u0131n\u0131, ac\u0131 ac\u0131 can \u00e7eki\u015fti\u011fini g\u00f6r\u00fcyoruz. Bir \u015feyler yapmak istiyoruz ancak, elimiz kolumuz ba\u011fl\u0131, art\u0131k yapabilece\u011fimiz hi\u00e7bir \u015fey yok. Onu kurtaram\u0131yoruz, ellerimizden kay\u0131p gidiyor adet\u00e2. Yavrumuz son nefeslerini almaya \u00e7al\u0131\u015facak ve sonunda ruhu o ufac\u0131k bedenini terk edecek\u2026<\/p>\n<p>Ya a\u00e7l\u0131\u011f\u0131n ve yoklu\u011fun ma\u011fdur etti\u011fi insanlar\u0131n olu\u015fturdu\u011fu ekmek kuyru\u011funa at\u0131lan bombayla \u015fehit olan babalar\u2026 \u201cBaba ne olur uyan\u201d diyen \u00e7ocuklar\u2026 Bir g\u00fcn bize bunlar\u0131n hesab\u0131n\u0131 sorduklar\u0131nda, onlara cevap verebilecek miyiz? \u201cNeredeydiniz? Babam, benim ve karde\u015flerimin karn\u0131n\u0131 doyurabilmek i\u00e7in girdi\u011fi ekmek kuyru\u011funda \u00f6ld\u00fcr\u00fcl\u00fcrken neden sustunuz? Benim yetim kalmama neden g\u00f6z yumdunuz?\u201d dedi\u011finde, ona ne cevap verece\u011fiz?<\/p>\n<p>Belkide ya\u015fad\u0131\u011f\u0131m\u0131z yerlerde bizlere silahlar do\u011frultulmad\u0131 veya do\u011frultulmuyor, \u00e7at\u0131lar\u0131n \u00fczerine keskin ni\u015fanc\u0131lar konu\u015flanm\u0131yor. Bu y\u00fczden bug\u00fcn bizler birlik olup d\u00fcnyada insanl\u0131\u011f\u0131 diriltelim. \u0130nsanl\u0131k i\u00e7in vah\u015fete bizler de dur diyelim! Ak\u0131t\u0131lan kana ve yap\u0131lan katliamlara kar\u015f\u0131 seslerimizi duyural\u0131m!<\/p>\n<p>Gelin, g\u00fcc\u00fcn ve g\u00fc\u00e7l\u00fcn\u00fcn egemen oldu\u011fu mevcut d\u00fcnya d\u00fczenini reddedip, insanl\u0131\u011f\u0131n ve ad\u00e2letin h\u00e2kim oldu\u011fu bir d\u00fczeni beraber in\u015f\u00e2 edelim.<\/p>\n","protected":false},"excerpt":{"rendered":"<p>Ellerine masum kan\u0131 bula\u015fm\u0131\u015f zalimlerin art\u0131k d\u00fcnya taraf\u0131ndan hesaba \u00e7ekilmesinin vakti gelmedi mi? Yapt\u0131klar\u0131 bu vah\u015fet kar\u015f\u0131l\u0131ks\u0131z ve cezas\u0131z m\u0131 kalacak? D\u00fc\u015f\u00fcnelim ki, 17 ya\u015f\u0131nda, gen\u00e7li\u011finin bahar\u0131nda, tertemiz y\u00fczl\u00fc Esma&#8230;<\/p>\n","protected":false},"author":1,"featured_media":0,"parent":0,"menu_order":0,"comment_status":"closed","ping_status":"open","template":"templates\/template-fullwidth.php","meta":{"footnotes":""},"class_list":["post-12","page","type-page","status-publish","hentry"],"aioseo_notices":[],"_links":{"self":[{"href":"http:\/\/www.unitedcivilians.org\/tr\/wp-json\/wp\/v2\/pages\/12","targetHints":{"allow":["GET"]}}],"collection":[{"href":"http:\/\/www.unitedcivilians.org\/tr\/wp-json\/wp\/v2\/pages"}],"about":[{"href":"http:\/\/www.unitedcivilians.org\/tr\/wp-json\/wp\/v2\/types\/page"}],"author":[{"embeddable":true,"href":"http:\/\/www.unitedcivilians.org\/tr\/wp-json\/wp\/v2\/users\/1"}],"replies":[{"embeddable":true,"href":"http:\/\/www.unitedcivilians.org\/tr\/wp-json\/wp\/v2\/comments?post=12"}],"version-history":[{"count":4,"href":"http:\/\/www.unitedcivilians.org\/tr\/wp-json\/wp\/v2\/pages\/12\/revisions"}],"predecessor-version":[{"id":21,"href":"http:\/\/www.unitedcivilians.org\/tr\/wp-json\/wp\/v2\/pages\/12\/revisions\/21"}],"wp:attachment":[{"href":"http:\/\/www.unitedcivilians.org\/tr\/wp-json\/wp\/v2\/media?parent=12"}],"curies":[{"name":"wp","href":"https:\/\/api.w.org\/{rel}","templated":true}]}}