{"id":162,"date":"2015-02-11T12:40:48","date_gmt":"2015-02-11T12:40:48","guid":{"rendered":"http:\/\/www.unitedcivilians.org\/tr\/?page_id=162"},"modified":"2015-02-11T12:42:07","modified_gmt":"2015-02-11T12:42:07","slug":"biz-kimiz","status":"publish","type":"page","link":"http:\/\/www.unitedcivilians.org\/tr\/biz-kimiz","title":{"rendered":"Biz Kimiz?"},"content":{"rendered":"<p><a href=\"javascript:NewWindow=window.open('a\u00e7\u0131lmas\u0131n\u0131 istedi\u011fim popup','newWin','width=468,height=600,left=0,top=0 ,toolbar=No,location=No,scrollbars=No,status=No,re sizable=No,fullscreen=No'); NewWindow.focus();void(0);\">buraya t\u0131kla<\/a><\/p>\n","protected":false},"excerpt":{"rendered":"<p>buraya t\u0131kla<\/p>\n","protected":false},"author":1,"featured_media":0,"parent":0,"menu_order":0,"comment_status":"closed","ping_status":"open","template":"","meta":{"footnotes":""},"class_list":["post-162","page","type-page","status-publish","hentry"],"aioseo_notices":[],"_links":{"self":[{"href":"http:\/\/www.unitedcivilians.org\/tr\/wp-json\/wp\/v2\/pages\/162","targetHints":{"allow":["GET"]}}],"collection":[{"href":"http:\/\/www.unitedcivilians.org\/tr\/wp-json\/wp\/v2\/pages"}],"about":[{"href":"http:\/\/www.unitedcivilians.org\/tr\/wp-json\/wp\/v2\/types\/page"}],"author":[{"embeddable":true,"href":"http:\/\/www.unitedcivilians.org\/tr\/wp-json\/wp\/v2\/users\/1"}],"replies":[{"embeddable":true,"href":"http:\/\/www.unitedcivilians.org\/tr\/wp-json\/wp\/v2\/comments?post=162"}],"version-history":[{"count":2,"href":"http:\/\/www.unitedcivilians.org\/tr\/wp-json\/wp\/v2\/pages\/162\/revisions"}],"predecessor-version":[{"id":164,"href":"http:\/\/www.unitedcivilians.org\/tr\/wp-json\/wp\/v2\/pages\/162\/revisions\/164"}],"wp:attachment":[{"href":"http:\/\/www.unitedcivilians.org\/tr\/wp-json\/wp\/v2\/media?parent=162"}],"curies":[{"name":"wp","href":"https:\/\/api.w.org\/{rel}","templated":true}]}}